{"id":151,"date":"2022-02-09T13:31:38","date_gmt":"2022-02-09T18:31:38","guid":{"rendered":"https:\/\/staging-frasergroup.kinsta.cloud\/qsm\/"},"modified":"2022-04-22T06:26:23","modified_gmt":"2022-04-22T10:26:23","slug":"qsm","status":"publish","type":"page","link":"https:\/\/frasergroup.com\/fr\/programmes-de-retraite\/qsm\/","title":{"rendered":"QSM"},"content":{"rendered":"\n<p>QSM (Quantitative Service Measurement) est un groupe de r\u00e9seautage de niveau sup\u00e9rieur ax\u00e9 sur l\u2019apprentissage continu et l\u2019am\u00e9lioration du rendement. QSM est en activit\u00e9 depuis 1992. Fraser Group a assum\u00e9 la gestion du programme en 2018.<\/p>\n\n\n\n<p>Les neuf organisations membres de QSM veillent \u00e0 l\u2019administration des prestations de retraite de 3,0 millions de participants dans les secteurs publics f\u00e9d\u00e9ral et provincial.<\/p>\n\n\n\n<p>L\u2019enqu\u00eate comparative annuelle QSM compare les co\u00fbts unitaires et les normes de prestation de services au sein du groupe.<\/p>\n\n\n\n<p>Les forums de pairs semestriels QSM permettent aux d\u00e9l\u00e9gu\u00e9s de chaque organisation participante d\u2019\u00e9changer des renseignements sur les meilleures pratiques et de discuter des enjeux \u00e9mergents li\u00e9s \u00e0 l\u2019administration des r\u00e9gimes de retraite. Ces r\u00e9unions de deux jours ont lieu dans diverses villes du pays, en alternance.<\/p>\n\n\n\n<p>Les rapports d\u2019enqu\u00eate QSM et les discussions du forum de pairs font l\u2019objet d\u2019une politique de confidentialit\u00e9 tr\u00e8s stricte.<\/p>\n\n\n\n<p>Le conseil d\u2019administration, compos\u00e9 de d\u00e9l\u00e9gu\u00e9s de chaque organisation participante, se r\u00e9unit quatre fois par an afin de fournir des conseils et une orientation sur le contenu des enqu\u00eates et le programme du forum de pairs.<\/p>\n\n\n\n<p>La culture de QSM est ax\u00e9e sur l\u2019ouverture, l\u2019entraide et la camaraderie, d\u00e9coulant d\u2019un engagement commun \u00e0 maintenir et am\u00e9liorer les services offerts aux participants des r\u00e9gimes.<\/p>\n\n\n\n<h2 class=\"has-teal-700-color has-text-color wp-block-heading\" id=\"qsm-members\">Membres de QSM<\/h2>\n\n\n\n<ul class=\"wp-block-list\"><li>BC Pension Services<\/li><li>Alberta Pension Services<\/li><li>Alberta Teachers Retirement Fund<\/li><li>OPTrust (Ontario)<\/li><li>Centre des pensions du gouvernement du Canada<\/li><li>Retraite Qu\u00e9bec<\/li><li>Saskatchewan Health Employees\u2019 Pension Plan<\/li><li>Vestcor (Nouveau-Brunswick)<\/li><li>Provident 10 (Terre-Neuve-et-Labrador)<\/li><\/ul>\n","protected":false},"excerpt":{"rendered":"<p>QSM (Quantitative Service Measurement) est un groupe de r\u00e9seautage de niveau sup\u00e9rieur ax\u00e9 sur l\u2019apprentissage continu et l\u2019am\u00e9lioration du rendement. QSM est en activit\u00e9 depuis 1992. Fraser Group a assum\u00e9 la gestion du programme en 2018. Les neuf organisations membres de QSM veillent \u00e0 l\u2019administration des prestations de retraite de 3,0 millions de participants dans&hellip; <a class=\"text-nowrap\" href=\"https:\/\/frasergroup.com\/fr\/programmes-de-retraite\/qsm\/\">Continue reading<span class=\"sr-only\"> QSM<\/span><\/a><\/p>\n","protected":false},"author":6,"featured_media":127,"parent":143,"menu_order":1,"comment_status":"closed","ping_status":"closed","template":"","meta":{"_acf_changed":false,"footnotes":""},"class_list":["post-151","page","type-page","status-publish","has-post-thumbnail","hentry"],"acf":[],"yoast_head":"<!-- This site is optimized with the Yoast SEO plugin v27.3 - https:\/\/yoast.com\/product\/yoast-seo-wordpress\/ -->\n<title>QSM - Fraser Group<\/title>\n<meta name=\"robots\" content=\"index, follow, max-snippet:-1, max-image-preview:large, max-video-preview:-1\" \/>\n<link rel=\"canonical\" href=\"https:\/\/frasergroup.com\/fr\/programmes-de-retraite\/qsm\/\" \/>\n<meta property=\"og:locale\" content=\"fr_FR\" \/>\n<meta property=\"og:type\" content=\"article\" \/>\n<meta property=\"og:title\" content=\"QSM - Fraser Group\" \/>\n<meta property=\"og:description\" content=\"QSM (Quantitative Service Measurement) est un groupe de r\u00e9seautage de niveau sup\u00e9rieur ax\u00e9 sur l\u2019apprentissage continu et l\u2019am\u00e9lioration du rendement. QSM est en activit\u00e9 depuis 1992. Fraser Group a assum\u00e9 la gestion du programme en 2018. Les neuf organisations membres de QSM veillent \u00e0 l\u2019administration des prestations de retraite de 3,0 millions de participants dans&hellip; Continue reading QSM\" \/>\n<meta property=\"og:url\" content=\"https:\/\/frasergroup.com\/fr\/programmes-de-retraite\/qsm\/\" \/>\n<meta property=\"og:site_name\" content=\"Fraser Group\" \/>\n<meta property=\"article:modified_time\" content=\"2022-04-22T10:26:23+00:00\" \/>\n<meta property=\"og:image\" content=\"https:\/\/frasergroup.com\/wp-content\/uploads\/2022\/02\/pointing-at-computer-with-bargraphs-scaled.jpg\" \/>\n\t<meta property=\"og:image:width\" content=\"2560\" \/>\n\t<meta property=\"og:image:height\" content=\"764\" \/>\n\t<meta property=\"og:image:type\" content=\"image\/jpeg\" \/>\n<meta name=\"twitter:card\" content=\"summary_large_image\" \/>\n<meta name=\"twitter:label1\" content=\"Dur\u00e9e de lecture estim\u00e9e\" \/>\n\t<meta name=\"twitter:data1\" content=\"2 minutes\" \/>\n<script type=\"application\/ld+json\" class=\"yoast-schema-graph\">{\"@context\":\"https:\\\/\\\/schema.org\",\"@graph\":[{\"@type\":\"WebPage\",\"@id\":\"https:\\\/\\\/frasergroup.com\\\/fr\\\/programmes-de-retraite\\\/qsm\\\/\",\"url\":\"https:\\\/\\\/frasergroup.com\\\/fr\\\/programmes-de-retraite\\\/qsm\\\/\",\"name\":\"QSM - Fraser Group\",\"isPartOf\":{\"@id\":\"https:\\\/\\\/frasergroup.com\\\/fr\\\/#website\"},\"primaryImageOfPage\":{\"@id\":\"https:\\\/\\\/frasergroup.com\\\/fr\\\/programmes-de-retraite\\\/qsm\\\/#primaryimage\"},\"image\":{\"@id\":\"https:\\\/\\\/frasergroup.com\\\/fr\\\/programmes-de-retraite\\\/qsm\\\/#primaryimage\"},\"thumbnailUrl\":\"https:\\\/\\\/frasergroup.com\\\/wp-content\\\/uploads\\\/2022\\\/02\\\/pointing-at-computer-with-bargraphs-scaled.jpg\",\"datePublished\":\"2022-02-09T18:31:38+00:00\",\"dateModified\":\"2022-04-22T10:26:23+00:00\",\"breadcrumb\":{\"@id\":\"https:\\\/\\\/frasergroup.com\\\/fr\\\/programmes-de-retraite\\\/qsm\\\/#breadcrumb\"},\"inLanguage\":\"fr-FR\",\"potentialAction\":[{\"@type\":\"ReadAction\",\"target\":[\"https:\\\/\\\/frasergroup.com\\\/fr\\\/programmes-de-retraite\\\/qsm\\\/\"]}]},{\"@type\":\"ImageObject\",\"inLanguage\":\"fr-FR\",\"@id\":\"https:\\\/\\\/frasergroup.com\\\/fr\\\/programmes-de-retraite\\\/qsm\\\/#primaryimage\",\"url\":\"https:\\\/\\\/frasergroup.com\\\/wp-content\\\/uploads\\\/2022\\\/02\\\/pointing-at-computer-with-bargraphs-scaled.jpg\",\"contentUrl\":\"https:\\\/\\\/frasergroup.com\\\/wp-content\\\/uploads\\\/2022\\\/02\\\/pointing-at-computer-with-bargraphs-scaled.jpg\",\"width\":2560,\"height\":764},{\"@type\":\"BreadcrumbList\",\"@id\":\"https:\\\/\\\/frasergroup.com\\\/fr\\\/programmes-de-retraite\\\/qsm\\\/#breadcrumb\",\"itemListElement\":[{\"@type\":\"ListItem\",\"position\":1,\"name\":\"Home\",\"item\":\"https:\\\/\\\/frasergroup.com\\\/fr\\\/\"},{\"@type\":\"ListItem\",\"position\":2,\"name\":\"R\u00e9gimes de retraite\",\"item\":\"https:\\\/\\\/frasergroup.com\\\/fr\\\/programmes-de-retraite\\\/\"},{\"@type\":\"ListItem\",\"position\":3,\"name\":\"QSM\"}]},{\"@type\":\"WebSite\",\"@id\":\"https:\\\/\\\/frasergroup.com\\\/fr\\\/#website\",\"url\":\"https:\\\/\\\/frasergroup.com\\\/fr\\\/\",\"name\":\"Fraser Group\",\"description\":\"Fraser Group is a market information specialist focused on employee benefits.\",\"potentialAction\":[{\"@type\":\"SearchAction\",\"target\":{\"@type\":\"EntryPoint\",\"urlTemplate\":\"https:\\\/\\\/frasergroup.com\\\/fr\\\/?s={search_term_string}\"},\"query-input\":{\"@type\":\"PropertyValueSpecification\",\"valueRequired\":true,\"valueName\":\"search_term_string\"}}],\"inLanguage\":\"fr-FR\"}]}<\/script>\n<!-- \/ Yoast SEO plugin. -->","yoast_head_json":{"title":"QSM - Fraser Group","robots":{"index":"index","follow":"follow","max-snippet":"max-snippet:-1","max-image-preview":"max-image-preview:large","max-video-preview":"max-video-preview:-1"},"canonical":"https:\/\/frasergroup.com\/fr\/programmes-de-retraite\/qsm\/","og_locale":"fr_FR","og_type":"article","og_title":"QSM - Fraser Group","og_description":"QSM (Quantitative Service Measurement) est un groupe de r\u00e9seautage de niveau sup\u00e9rieur ax\u00e9 sur l\u2019apprentissage continu et l\u2019am\u00e9lioration du rendement. QSM est en activit\u00e9 depuis 1992. Fraser Group a assum\u00e9 la gestion du programme en 2018. Les neuf organisations membres de QSM veillent \u00e0 l\u2019administration des prestations de retraite de 3,0 millions de participants dans&hellip; Continue reading QSM","og_url":"https:\/\/frasergroup.com\/fr\/programmes-de-retraite\/qsm\/","og_site_name":"Fraser Group","article_modified_time":"2022-04-22T10:26:23+00:00","og_image":[{"width":2560,"height":764,"url":"https:\/\/frasergroup.com\/wp-content\/uploads\/2022\/02\/pointing-at-computer-with-bargraphs-scaled.jpg","type":"image\/jpeg"}],"twitter_card":"summary_large_image","twitter_misc":{"Dur\u00e9e de lecture estim\u00e9e":"2 minutes"},"schema":{"@context":"https:\/\/schema.org","@graph":[{"@type":"WebPage","@id":"https:\/\/frasergroup.com\/fr\/programmes-de-retraite\/qsm\/","url":"https:\/\/frasergroup.com\/fr\/programmes-de-retraite\/qsm\/","name":"QSM - Fraser Group","isPartOf":{"@id":"https:\/\/frasergroup.com\/fr\/#website"},"primaryImageOfPage":{"@id":"https:\/\/frasergroup.com\/fr\/programmes-de-retraite\/qsm\/#primaryimage"},"image":{"@id":"https:\/\/frasergroup.com\/fr\/programmes-de-retraite\/qsm\/#primaryimage"},"thumbnailUrl":"https:\/\/frasergroup.com\/wp-content\/uploads\/2022\/02\/pointing-at-computer-with-bargraphs-scaled.jpg","datePublished":"2022-02-09T18:31:38+00:00","dateModified":"2022-04-22T10:26:23+00:00","breadcrumb":{"@id":"https:\/\/frasergroup.com\/fr\/programmes-de-retraite\/qsm\/#breadcrumb"},"inLanguage":"fr-FR","potentialAction":[{"@type":"ReadAction","target":["https:\/\/frasergroup.com\/fr\/programmes-de-retraite\/qsm\/"]}]},{"@type":"ImageObject","inLanguage":"fr-FR","@id":"https:\/\/frasergroup.com\/fr\/programmes-de-retraite\/qsm\/#primaryimage","url":"https:\/\/frasergroup.com\/wp-content\/uploads\/2022\/02\/pointing-at-computer-with-bargraphs-scaled.jpg","contentUrl":"https:\/\/frasergroup.com\/wp-content\/uploads\/2022\/02\/pointing-at-computer-with-bargraphs-scaled.jpg","width":2560,"height":764},{"@type":"BreadcrumbList","@id":"https:\/\/frasergroup.com\/fr\/programmes-de-retraite\/qsm\/#breadcrumb","itemListElement":[{"@type":"ListItem","position":1,"name":"Home","item":"https:\/\/frasergroup.com\/fr\/"},{"@type":"ListItem","position":2,"name":"R\u00e9gimes de retraite","item":"https:\/\/frasergroup.com\/fr\/programmes-de-retraite\/"},{"@type":"ListItem","position":3,"name":"QSM"}]},{"@type":"WebSite","@id":"https:\/\/frasergroup.com\/fr\/#website","url":"https:\/\/frasergroup.com\/fr\/","name":"Fraser Group","description":"Fraser Group is a market information specialist focused on employee benefits.","potentialAction":[{"@type":"SearchAction","target":{"@type":"EntryPoint","urlTemplate":"https:\/\/frasergroup.com\/fr\/?s={search_term_string}"},"query-input":{"@type":"PropertyValueSpecification","valueRequired":true,"valueName":"search_term_string"}}],"inLanguage":"fr-FR"}]}},"_links":{"self":[{"href":"https:\/\/frasergroup.com\/fr\/wp-json\/wp\/v2\/pages\/151","targetHints":{"allow":["GET"]}}],"collection":[{"href":"https:\/\/frasergroup.com\/fr\/wp-json\/wp\/v2\/pages"}],"about":[{"href":"https:\/\/frasergroup.com\/fr\/wp-json\/wp\/v2\/types\/page"}],"author":[{"embeddable":true,"href":"https:\/\/frasergroup.com\/fr\/wp-json\/wp\/v2\/users\/6"}],"replies":[{"embeddable":true,"href":"https:\/\/frasergroup.com\/fr\/wp-json\/wp\/v2\/comments?post=151"}],"version-history":[{"count":6,"href":"https:\/\/frasergroup.com\/fr\/wp-json\/wp\/v2\/pages\/151\/revisions"}],"predecessor-version":[{"id":267,"href":"https:\/\/frasergroup.com\/fr\/wp-json\/wp\/v2\/pages\/151\/revisions\/267"}],"up":[{"embeddable":true,"href":"https:\/\/frasergroup.com\/fr\/wp-json\/wp\/v2\/pages\/143"}],"wp:featuredmedia":[{"embeddable":true,"href":"https:\/\/frasergroup.com\/fr\/wp-json\/wp\/v2\/media\/127"}],"wp:attachment":[{"href":"https:\/\/frasergroup.com\/fr\/wp-json\/wp\/v2\/media?parent=151"}],"curies":[{"name":"wp","href":"https:\/\/api.w.org\/{rel}","templated":true}]}}