{"id":147,"date":"2022-02-08T16:02:21","date_gmt":"2022-02-08T21:02:21","guid":{"rendered":"https:\/\/staging-frasergroup.kinsta.cloud\/publications-publiques\/"},"modified":"2026-03-13T10:56:43","modified_gmt":"2026-03-13T14:56:43","slug":"publications-publiques","status":"publish","type":"page","link":"https:\/\/frasergroup.com\/fr\/publications-publiques\/","title":{"rendered":"Versions publiques"},"content":{"rendered":"\n<p>Afin de favoriser la bonne sant\u00e9 du march\u00e9 des r\u00e9gimes d\u2019avantages sociaux, Fraser Group offre un acc\u00e8s public gratuit aux donn\u00e9es sommaires de certains de nos principaux programmes de recherche.<\/p>\n\n\n\n<div class=\"wp-block-pb-accordion-item c-accordion__item js-accordion-item no-js\" data-initially-open=\"false\" data-click-to-close=\"true\" data-auto-close=\"true\" data-scroll=\"false\" data-scroll-offset=\"0\"><h2 id=\"at-1470\" class=\"c-accordion__title js-accordion-controller\" role=\"button\">Parts de march\u00e9&nbsp;\u2013 Assurance collective de personnes<\/h2><div id=\"ac-1470\" class=\"c-accordion__content\">\n<p>Le <em>Group Universe Report<\/em> est une analyse annuelle de la taille et des parts du march\u00e9 de l\u2019assurance collective de personnes au Canada. <\/p>\n\n\n\n<p>Les sommaires de ces recherches exclusives sont accessibles au public.<\/p>\n\n\n\n<p><a href=\"https:\/\/frasergroup.com\/wp-content\/uploads\/2025\/07\/GUR-Public-Release-Canada-2024-FR.pdf\">Cliquez ici pour t\u00e9l\u00e9charger le sommaire destin\u00e9 au public pour le Canada (gratuit).<\/a><\/p>\n\n\n\n<p><a href=\"https:\/\/frasergroup.com\/wp-content\/uploads\/2025\/07\/GUR-Public-Release-Quebec-2024-FR.pdf\">Cliquez ici pour t\u00e9l\u00e9charger le sommaire destin\u00e9 au public pour le Qu\u00e9bec (gratuit).<\/a><\/p>\n<\/div><\/div>\n\n\n\n<div class=\"wp-block-pb-accordion-item c-accordion__item js-accordion-item no-js\" data-initially-open=\"false\" data-click-to-close=\"true\" data-auto-close=\"true\" data-scroll=\"false\" data-scroll-offset=\"0\"><h2 id=\"at-1471\" class=\"c-accordion__title js-accordion-controller\" role=\"button\">Parts de march\u00e9&nbsp;\u2013 Retraite collective<\/h2><div id=\"ac-1471\" class=\"c-accordion__content\">\n<p>Fraser Group produit chaque ann\u00e9e pour ses clients le <em>Pension Universe Report<\/em>, qui estime la taille et les parts du march\u00e9 des r\u00e9gimes de retraite au Canada.<\/p>\n\n\n\n<p><a href=\"https:\/\/frasergroup.com\/wp-content\/uploads\/2025\/07\/PUR-public-release-FR.pdf\">Cliquez ici pour t\u00e9l\u00e9charger le sommaire destin\u00e9 au public.<\/a><\/p>\n<\/div><\/div>\n\n\n\n<div class=\"wp-block-pb-accordion-item c-accordion__item js-accordion-item no-js\" data-initially-open=\"false\" data-click-to-close=\"true\" data-auto-close=\"true\" data-scroll=\"false\" data-scroll-offset=\"0\"><h2 id=\"at-1472\" class=\"c-accordion__title js-accordion-controller\" role=\"button\">Facteurs d\u2019extension en assurance soins m\u00e9dicaux et dentaires<\/h2><div id=\"ac-1472\" class=\"c-accordion__content\">\n<p>Fraser Group m\u00e8ne chaque trimestre une enqu\u00eate approfondie aupr\u00e8s de ses clients afin de d\u00e9terminer le taux pr\u00e9sum\u00e9 de l\u2019\u00e9volution des demandes de r\u00e8glement annuelles, utilis\u00e9 pour \u00e9tablir les taux de renouvellement des r\u00e9gimes de soins m\u00e9dicaux et dentaires.<\/p>\n\n\n\n<p><a href=\"https:\/\/frasergroup.com\/wp-content\/uploads\/2026\/03\/MVT-Public-Summary-FR.pdf\">Cliquez ici pour t\u00e9l\u00e9charger le sommaire destin\u00e9 au public.<\/a><\/p>\n<\/div><\/div>\n\n\n\n<p><\/p>\n","protected":false},"excerpt":{"rendered":"<p>Afin de favoriser la bonne sant\u00e9 du march\u00e9 des r\u00e9gimes d\u2019avantages sociaux, Fraser Group offre un acc\u00e8s public gratuit aux donn\u00e9es sommaires de certains de nos principaux programmes de recherche.<\/p>\n","protected":false},"author":6,"featured_media":129,"parent":0,"menu_order":6,"comment_status":"closed","ping_status":"closed","template":"","meta":{"_acf_changed":false,"footnotes":""},"class_list":["post-147","page","type-page","status-publish","has-post-thumbnail","hentry"],"acf":[],"yoast_head":"<!-- This site is optimized with the Yoast SEO plugin v27.4 - https:\/\/yoast.com\/product\/yoast-seo-wordpress\/ -->\n<title>Versions publiques - Fraser Group<\/title>\n<meta name=\"robots\" content=\"index, follow, max-snippet:-1, max-image-preview:large, max-video-preview:-1\" \/>\n<link rel=\"canonical\" href=\"https:\/\/frasergroup.com\/fr\/publications-publiques\/\" \/>\n<meta property=\"og:locale\" content=\"fr_FR\" \/>\n<meta property=\"og:type\" content=\"article\" \/>\n<meta property=\"og:title\" content=\"Versions publiques - Fraser Group\" \/>\n<meta property=\"og:description\" content=\"Afin de favoriser la bonne sant\u00e9 du march\u00e9 des r\u00e9gimes d\u2019avantages sociaux, Fraser Group offre un acc\u00e8s public gratuit aux donn\u00e9es sommaires de certains de nos principaux programmes de recherche.\" \/>\n<meta property=\"og:url\" content=\"https:\/\/frasergroup.com\/fr\/publications-publiques\/\" \/>\n<meta property=\"og:site_name\" content=\"Fraser Group\" \/>\n<meta property=\"article:modified_time\" content=\"2026-03-13T14:56:43+00:00\" \/>\n<meta property=\"og:image\" content=\"https:\/\/frasergroup.com\/wp-content\/uploads\/2022\/02\/typing-on-computer-with-coffee-scaled.jpg\" \/>\n\t<meta property=\"og:image:width\" content=\"2560\" \/>\n\t<meta property=\"og:image:height\" content=\"764\" \/>\n\t<meta property=\"og:image:type\" content=\"image\/jpeg\" \/>\n<meta name=\"twitter:card\" content=\"summary_large_image\" \/>\n<meta name=\"twitter:label1\" content=\"Dur\u00e9e de lecture estim\u00e9e\" \/>\n\t<meta name=\"twitter:data1\" content=\"2 minutes\" \/>\n<script type=\"application\/ld+json\" class=\"yoast-schema-graph\">{\"@context\":\"https:\\\/\\\/schema.org\",\"@graph\":[{\"@type\":\"WebPage\",\"@id\":\"https:\\\/\\\/frasergroup.com\\\/fr\\\/publications-publiques\\\/\",\"url\":\"https:\\\/\\\/frasergroup.com\\\/fr\\\/publications-publiques\\\/\",\"name\":\"Versions publiques - Fraser Group\",\"isPartOf\":{\"@id\":\"https:\\\/\\\/frasergroup.com\\\/fr\\\/#website\"},\"primaryImageOfPage\":{\"@id\":\"https:\\\/\\\/frasergroup.com\\\/fr\\\/publications-publiques\\\/#primaryimage\"},\"image\":{\"@id\":\"https:\\\/\\\/frasergroup.com\\\/fr\\\/publications-publiques\\\/#primaryimage\"},\"thumbnailUrl\":\"https:\\\/\\\/frasergroup.com\\\/wp-content\\\/uploads\\\/2022\\\/02\\\/typing-on-computer-with-coffee-scaled.jpg\",\"datePublished\":\"2022-02-08T21:02:21+00:00\",\"dateModified\":\"2026-03-13T14:56:43+00:00\",\"breadcrumb\":{\"@id\":\"https:\\\/\\\/frasergroup.com\\\/fr\\\/publications-publiques\\\/#breadcrumb\"},\"inLanguage\":\"fr-FR\",\"potentialAction\":[{\"@type\":\"ReadAction\",\"target\":[\"https:\\\/\\\/frasergroup.com\\\/fr\\\/publications-publiques\\\/\"]}]},{\"@type\":\"ImageObject\",\"inLanguage\":\"fr-FR\",\"@id\":\"https:\\\/\\\/frasergroup.com\\\/fr\\\/publications-publiques\\\/#primaryimage\",\"url\":\"https:\\\/\\\/frasergroup.com\\\/wp-content\\\/uploads\\\/2022\\\/02\\\/typing-on-computer-with-coffee-scaled.jpg\",\"contentUrl\":\"https:\\\/\\\/frasergroup.com\\\/wp-content\\\/uploads\\\/2022\\\/02\\\/typing-on-computer-with-coffee-scaled.jpg\",\"width\":2560,\"height\":764},{\"@type\":\"BreadcrumbList\",\"@id\":\"https:\\\/\\\/frasergroup.com\\\/fr\\\/publications-publiques\\\/#breadcrumb\",\"itemListElement\":[{\"@type\":\"ListItem\",\"position\":1,\"name\":\"Home\",\"item\":\"https:\\\/\\\/frasergroup.com\\\/fr\\\/\"},{\"@type\":\"ListItem\",\"position\":2,\"name\":\"Versions publiques\"}]},{\"@type\":\"WebSite\",\"@id\":\"https:\\\/\\\/frasergroup.com\\\/fr\\\/#website\",\"url\":\"https:\\\/\\\/frasergroup.com\\\/fr\\\/\",\"name\":\"Fraser Group\",\"description\":\"Fraser Group is a market information specialist focused on employee benefits.\",\"potentialAction\":[{\"@type\":\"SearchAction\",\"target\":{\"@type\":\"EntryPoint\",\"urlTemplate\":\"https:\\\/\\\/frasergroup.com\\\/fr\\\/?s={search_term_string}\"},\"query-input\":{\"@type\":\"PropertyValueSpecification\",\"valueRequired\":true,\"valueName\":\"search_term_string\"}}],\"inLanguage\":\"fr-FR\"}]}<\/script>\n<!-- \/ Yoast SEO plugin. -->","yoast_head_json":{"title":"Versions publiques - Fraser Group","robots":{"index":"index","follow":"follow","max-snippet":"max-snippet:-1","max-image-preview":"max-image-preview:large","max-video-preview":"max-video-preview:-1"},"canonical":"https:\/\/frasergroup.com\/fr\/publications-publiques\/","og_locale":"fr_FR","og_type":"article","og_title":"Versions publiques - Fraser Group","og_description":"Afin de favoriser la bonne sant\u00e9 du march\u00e9 des r\u00e9gimes d\u2019avantages sociaux, Fraser Group offre un acc\u00e8s public gratuit aux donn\u00e9es sommaires de certains de nos principaux programmes de recherche.","og_url":"https:\/\/frasergroup.com\/fr\/publications-publiques\/","og_site_name":"Fraser Group","article_modified_time":"2026-03-13T14:56:43+00:00","og_image":[{"width":2560,"height":764,"url":"https:\/\/frasergroup.com\/wp-content\/uploads\/2022\/02\/typing-on-computer-with-coffee-scaled.jpg","type":"image\/jpeg"}],"twitter_card":"summary_large_image","twitter_misc":{"Dur\u00e9e de lecture estim\u00e9e":"2 minutes"},"schema":{"@context":"https:\/\/schema.org","@graph":[{"@type":"WebPage","@id":"https:\/\/frasergroup.com\/fr\/publications-publiques\/","url":"https:\/\/frasergroup.com\/fr\/publications-publiques\/","name":"Versions publiques - Fraser Group","isPartOf":{"@id":"https:\/\/frasergroup.com\/fr\/#website"},"primaryImageOfPage":{"@id":"https:\/\/frasergroup.com\/fr\/publications-publiques\/#primaryimage"},"image":{"@id":"https:\/\/frasergroup.com\/fr\/publications-publiques\/#primaryimage"},"thumbnailUrl":"https:\/\/frasergroup.com\/wp-content\/uploads\/2022\/02\/typing-on-computer-with-coffee-scaled.jpg","datePublished":"2022-02-08T21:02:21+00:00","dateModified":"2026-03-13T14:56:43+00:00","breadcrumb":{"@id":"https:\/\/frasergroup.com\/fr\/publications-publiques\/#breadcrumb"},"inLanguage":"fr-FR","potentialAction":[{"@type":"ReadAction","target":["https:\/\/frasergroup.com\/fr\/publications-publiques\/"]}]},{"@type":"ImageObject","inLanguage":"fr-FR","@id":"https:\/\/frasergroup.com\/fr\/publications-publiques\/#primaryimage","url":"https:\/\/frasergroup.com\/wp-content\/uploads\/2022\/02\/typing-on-computer-with-coffee-scaled.jpg","contentUrl":"https:\/\/frasergroup.com\/wp-content\/uploads\/2022\/02\/typing-on-computer-with-coffee-scaled.jpg","width":2560,"height":764},{"@type":"BreadcrumbList","@id":"https:\/\/frasergroup.com\/fr\/publications-publiques\/#breadcrumb","itemListElement":[{"@type":"ListItem","position":1,"name":"Home","item":"https:\/\/frasergroup.com\/fr\/"},{"@type":"ListItem","position":2,"name":"Versions publiques"}]},{"@type":"WebSite","@id":"https:\/\/frasergroup.com\/fr\/#website","url":"https:\/\/frasergroup.com\/fr\/","name":"Fraser Group","description":"Fraser Group is a market information specialist focused on employee benefits.","potentialAction":[{"@type":"SearchAction","target":{"@type":"EntryPoint","urlTemplate":"https:\/\/frasergroup.com\/fr\/?s={search_term_string}"},"query-input":{"@type":"PropertyValueSpecification","valueRequired":true,"valueName":"search_term_string"}}],"inLanguage":"fr-FR"}]}},"_links":{"self":[{"href":"https:\/\/frasergroup.com\/fr\/wp-json\/wp\/v2\/pages\/147","targetHints":{"allow":["GET"]}}],"collection":[{"href":"https:\/\/frasergroup.com\/fr\/wp-json\/wp\/v2\/pages"}],"about":[{"href":"https:\/\/frasergroup.com\/fr\/wp-json\/wp\/v2\/types\/page"}],"author":[{"embeddable":true,"href":"https:\/\/frasergroup.com\/fr\/wp-json\/wp\/v2\/users\/6"}],"replies":[{"embeddable":true,"href":"https:\/\/frasergroup.com\/fr\/wp-json\/wp\/v2\/comments?post=147"}],"version-history":[{"count":15,"href":"https:\/\/frasergroup.com\/fr\/wp-json\/wp\/v2\/pages\/147\/revisions"}],"predecessor-version":[{"id":1043,"href":"https:\/\/frasergroup.com\/fr\/wp-json\/wp\/v2\/pages\/147\/revisions\/1043"}],"wp:featuredmedia":[{"embeddable":true,"href":"https:\/\/frasergroup.com\/fr\/wp-json\/wp\/v2\/media\/129"}],"wp:attachment":[{"href":"https:\/\/frasergroup.com\/fr\/wp-json\/wp\/v2\/media?parent=147"}],"curies":[{"name":"wp","href":"https:\/\/api.w.org\/{rel}","templated":true}]}}