{"id":145,"date":"2022-02-08T16:02:13","date_gmt":"2022-02-08T21:02:13","guid":{"rendered":"https:\/\/staging-frasergroup.kinsta.cloud\/recherche-personnalisee\/"},"modified":"2022-04-22T06:16:09","modified_gmt":"2022-04-22T10:16:09","slug":"recherche-personnalisee","status":"publish","type":"page","link":"https:\/\/frasergroup.com\/fr\/recherche-personnalisee\/","title":{"rendered":"Recherche personnalis\u00e9e"},"content":{"rendered":"\n<p>Gr\u00e2ce \u00e0 plusieurs d\u00e9cennies d\u2019exp\u00e9rience et aux donn\u00e9es obtenues dans le cadre de ses programmes de recherche continus, Fraser Group poss\u00e8de une connaissance approfondie du secteur des garanties collectives au Canada.<\/p>\n\n\n\n<p>Nous utilisons ces ressources pour offrir des solutions de recherche et de consultation personnalis\u00e9es aux clients int\u00e9ress\u00e9s par les r\u00e9gimes d\u2019avantages sociaux.<\/p>\n\n\n\n<p>Par exemple :<\/p>\n\n\n\n<ul class=\"wp-block-list\"><li>Nous avons r\u00e9alis\u00e9 plusieurs projets de recherche actuariels sous contrat pour l\u2019Institut canadien des actuaires. Nous avons \u00e9galement men\u00e9 des recherches et des analyses \u00e0 la demande de l\u2019Association canadienne des compagnies d\u2019assurances de personnes.<\/li><li>Nous sommes co-auteurs d\u2019une vaste \u00e9tude sur les r\u00e9gimes d\u2019assurance-m\u00e9dicaments publics et priv\u00e9s au Canada.<\/li><li>Nous avons entrepris plusieurs \u00e9tudes sur le profil du march\u00e9 des administrateurs tiers. Nous tenons un r\u00e9pertoire des administrateurs tiers. Ce dernier comprend les coordonn\u00e9es des administrateurs tiers exer\u00e7ant leurs activit\u00e9s au Canada.<\/li><li>Dans le secteur des assurances, nous avons travaill\u00e9, de fa\u00e7on confidentielle, sur diverses questions, notamment ;<ul><li>Les nouvelles possibilit\u00e9s sur le march\u00e9<\/li><li>La gestion des d\u00e9penses;<\/li><li>Les strat\u00e9gies d\u2019acquisition.<\/li><\/ul><\/li><li>Nous avons \u00e9galement travaill\u00e9 avec des fabricants de produits pharmaceutiques, des organismes publics et des associations sans but lucratif.<\/li><\/ul>\n","protected":false},"excerpt":{"rendered":"<p>Gr\u00e2ce \u00e0 plusieurs d\u00e9cennies d\u2019exp\u00e9rience et aux donn\u00e9es obtenues dans le cadre de ses programmes de recherche continus, Fraser Group poss\u00e8de une connaissance approfondie du secteur des garanties collectives au Canada. Nous utilisons ces ressources pour offrir des solutions de recherche et de consultation personnalis\u00e9es aux clients int\u00e9ress\u00e9s par les r\u00e9gimes d\u2019avantages sociaux. Par exemple&hellip; <a class=\"text-nowrap\" href=\"https:\/\/frasergroup.com\/fr\/recherche-personnalisee\/\">Continue reading<span class=\"sr-only\"> Recherche personnalis\u00e9e<\/span><\/a><\/p>\n","protected":false},"author":6,"featured_media":128,"parent":0,"menu_order":3,"comment_status":"closed","ping_status":"closed","template":"","meta":{"_acf_changed":false,"footnotes":""},"class_list":["post-145","page","type-page","status-publish","has-post-thumbnail","hentry"],"acf":[],"yoast_head":"<!-- This site is optimized with the Yoast SEO plugin v27.4 - https:\/\/yoast.com\/product\/yoast-seo-wordpress\/ -->\n<title>Recherche personnalis\u00e9e - Fraser Group<\/title>\n<meta name=\"robots\" content=\"index, follow, max-snippet:-1, max-image-preview:large, max-video-preview:-1\" \/>\n<link rel=\"canonical\" href=\"https:\/\/frasergroup.com\/fr\/recherche-personnalisee\/\" \/>\n<meta property=\"og:locale\" content=\"fr_FR\" \/>\n<meta property=\"og:type\" content=\"article\" \/>\n<meta property=\"og:title\" content=\"Recherche personnalis\u00e9e - Fraser Group\" \/>\n<meta property=\"og:description\" content=\"Gr\u00e2ce \u00e0 plusieurs d\u00e9cennies d\u2019exp\u00e9rience et aux donn\u00e9es obtenues dans le cadre de ses programmes de recherche continus, Fraser Group poss\u00e8de une connaissance approfondie du secteur des garanties collectives au Canada. Nous utilisons ces ressources pour offrir des solutions de recherche et de consultation personnalis\u00e9es aux clients int\u00e9ress\u00e9s par les r\u00e9gimes d\u2019avantages sociaux. Par exemple&hellip; Continue reading Recherche personnalis\u00e9e\" \/>\n<meta property=\"og:url\" content=\"https:\/\/frasergroup.com\/fr\/recherche-personnalisee\/\" \/>\n<meta property=\"og:site_name\" content=\"Fraser Group\" \/>\n<meta property=\"article:modified_time\" content=\"2022-04-22T10:16:09+00:00\" \/>\n<meta property=\"og:image\" content=\"https:\/\/frasergroup.com\/wp-content\/uploads\/2022\/02\/person-holding-pen-scaled.jpg\" \/>\n\t<meta property=\"og:image:width\" content=\"2560\" \/>\n\t<meta property=\"og:image:height\" content=\"764\" \/>\n\t<meta property=\"og:image:type\" content=\"image\/jpeg\" \/>\n<meta name=\"twitter:card\" content=\"summary_large_image\" \/>\n<meta name=\"twitter:label1\" content=\"Dur\u00e9e de lecture estim\u00e9e\" \/>\n\t<meta name=\"twitter:data1\" content=\"1 minute\" \/>\n<script type=\"application\/ld+json\" class=\"yoast-schema-graph\">{\"@context\":\"https:\\\/\\\/schema.org\",\"@graph\":[{\"@type\":\"WebPage\",\"@id\":\"https:\\\/\\\/frasergroup.com\\\/fr\\\/recherche-personnalisee\\\/\",\"url\":\"https:\\\/\\\/frasergroup.com\\\/fr\\\/recherche-personnalisee\\\/\",\"name\":\"Recherche personnalis\u00e9e - Fraser Group\",\"isPartOf\":{\"@id\":\"https:\\\/\\\/frasergroup.com\\\/fr\\\/#website\"},\"primaryImageOfPage\":{\"@id\":\"https:\\\/\\\/frasergroup.com\\\/fr\\\/recherche-personnalisee\\\/#primaryimage\"},\"image\":{\"@id\":\"https:\\\/\\\/frasergroup.com\\\/fr\\\/recherche-personnalisee\\\/#primaryimage\"},\"thumbnailUrl\":\"https:\\\/\\\/frasergroup.com\\\/wp-content\\\/uploads\\\/2022\\\/02\\\/person-holding-pen-scaled.jpg\",\"datePublished\":\"2022-02-08T21:02:13+00:00\",\"dateModified\":\"2022-04-22T10:16:09+00:00\",\"breadcrumb\":{\"@id\":\"https:\\\/\\\/frasergroup.com\\\/fr\\\/recherche-personnalisee\\\/#breadcrumb\"},\"inLanguage\":\"fr-FR\",\"potentialAction\":[{\"@type\":\"ReadAction\",\"target\":[\"https:\\\/\\\/frasergroup.com\\\/fr\\\/recherche-personnalisee\\\/\"]}]},{\"@type\":\"ImageObject\",\"inLanguage\":\"fr-FR\",\"@id\":\"https:\\\/\\\/frasergroup.com\\\/fr\\\/recherche-personnalisee\\\/#primaryimage\",\"url\":\"https:\\\/\\\/frasergroup.com\\\/wp-content\\\/uploads\\\/2022\\\/02\\\/person-holding-pen-scaled.jpg\",\"contentUrl\":\"https:\\\/\\\/frasergroup.com\\\/wp-content\\\/uploads\\\/2022\\\/02\\\/person-holding-pen-scaled.jpg\",\"width\":2560,\"height\":764},{\"@type\":\"BreadcrumbList\",\"@id\":\"https:\\\/\\\/frasergroup.com\\\/fr\\\/recherche-personnalisee\\\/#breadcrumb\",\"itemListElement\":[{\"@type\":\"ListItem\",\"position\":1,\"name\":\"Home\",\"item\":\"https:\\\/\\\/frasergroup.com\\\/fr\\\/\"},{\"@type\":\"ListItem\",\"position\":2,\"name\":\"Recherche personnalis\u00e9e\"}]},{\"@type\":\"WebSite\",\"@id\":\"https:\\\/\\\/frasergroup.com\\\/fr\\\/#website\",\"url\":\"https:\\\/\\\/frasergroup.com\\\/fr\\\/\",\"name\":\"Fraser Group\",\"description\":\"Fraser Group is a market information specialist focused on employee benefits.\",\"potentialAction\":[{\"@type\":\"SearchAction\",\"target\":{\"@type\":\"EntryPoint\",\"urlTemplate\":\"https:\\\/\\\/frasergroup.com\\\/fr\\\/?s={search_term_string}\"},\"query-input\":{\"@type\":\"PropertyValueSpecification\",\"valueRequired\":true,\"valueName\":\"search_term_string\"}}],\"inLanguage\":\"fr-FR\"}]}<\/script>\n<!-- \/ Yoast SEO plugin. -->","yoast_head_json":{"title":"Recherche personnalis\u00e9e - Fraser Group","robots":{"index":"index","follow":"follow","max-snippet":"max-snippet:-1","max-image-preview":"max-image-preview:large","max-video-preview":"max-video-preview:-1"},"canonical":"https:\/\/frasergroup.com\/fr\/recherche-personnalisee\/","og_locale":"fr_FR","og_type":"article","og_title":"Recherche personnalis\u00e9e - Fraser Group","og_description":"Gr\u00e2ce \u00e0 plusieurs d\u00e9cennies d\u2019exp\u00e9rience et aux donn\u00e9es obtenues dans le cadre de ses programmes de recherche continus, Fraser Group poss\u00e8de une connaissance approfondie du secteur des garanties collectives au Canada. Nous utilisons ces ressources pour offrir des solutions de recherche et de consultation personnalis\u00e9es aux clients int\u00e9ress\u00e9s par les r\u00e9gimes d\u2019avantages sociaux. Par exemple&hellip; Continue reading Recherche personnalis\u00e9e","og_url":"https:\/\/frasergroup.com\/fr\/recherche-personnalisee\/","og_site_name":"Fraser Group","article_modified_time":"2022-04-22T10:16:09+00:00","og_image":[{"width":2560,"height":764,"url":"https:\/\/frasergroup.com\/wp-content\/uploads\/2022\/02\/person-holding-pen-scaled.jpg","type":"image\/jpeg"}],"twitter_card":"summary_large_image","twitter_misc":{"Dur\u00e9e de lecture estim\u00e9e":"1 minute"},"schema":{"@context":"https:\/\/schema.org","@graph":[{"@type":"WebPage","@id":"https:\/\/frasergroup.com\/fr\/recherche-personnalisee\/","url":"https:\/\/frasergroup.com\/fr\/recherche-personnalisee\/","name":"Recherche personnalis\u00e9e - Fraser Group","isPartOf":{"@id":"https:\/\/frasergroup.com\/fr\/#website"},"primaryImageOfPage":{"@id":"https:\/\/frasergroup.com\/fr\/recherche-personnalisee\/#primaryimage"},"image":{"@id":"https:\/\/frasergroup.com\/fr\/recherche-personnalisee\/#primaryimage"},"thumbnailUrl":"https:\/\/frasergroup.com\/wp-content\/uploads\/2022\/02\/person-holding-pen-scaled.jpg","datePublished":"2022-02-08T21:02:13+00:00","dateModified":"2022-04-22T10:16:09+00:00","breadcrumb":{"@id":"https:\/\/frasergroup.com\/fr\/recherche-personnalisee\/#breadcrumb"},"inLanguage":"fr-FR","potentialAction":[{"@type":"ReadAction","target":["https:\/\/frasergroup.com\/fr\/recherche-personnalisee\/"]}]},{"@type":"ImageObject","inLanguage":"fr-FR","@id":"https:\/\/frasergroup.com\/fr\/recherche-personnalisee\/#primaryimage","url":"https:\/\/frasergroup.com\/wp-content\/uploads\/2022\/02\/person-holding-pen-scaled.jpg","contentUrl":"https:\/\/frasergroup.com\/wp-content\/uploads\/2022\/02\/person-holding-pen-scaled.jpg","width":2560,"height":764},{"@type":"BreadcrumbList","@id":"https:\/\/frasergroup.com\/fr\/recherche-personnalisee\/#breadcrumb","itemListElement":[{"@type":"ListItem","position":1,"name":"Home","item":"https:\/\/frasergroup.com\/fr\/"},{"@type":"ListItem","position":2,"name":"Recherche personnalis\u00e9e"}]},{"@type":"WebSite","@id":"https:\/\/frasergroup.com\/fr\/#website","url":"https:\/\/frasergroup.com\/fr\/","name":"Fraser Group","description":"Fraser Group is a market information specialist focused on employee benefits.","potentialAction":[{"@type":"SearchAction","target":{"@type":"EntryPoint","urlTemplate":"https:\/\/frasergroup.com\/fr\/?s={search_term_string}"},"query-input":{"@type":"PropertyValueSpecification","valueRequired":true,"valueName":"search_term_string"}}],"inLanguage":"fr-FR"}]}},"_links":{"self":[{"href":"https:\/\/frasergroup.com\/fr\/wp-json\/wp\/v2\/pages\/145","targetHints":{"allow":["GET"]}}],"collection":[{"href":"https:\/\/frasergroup.com\/fr\/wp-json\/wp\/v2\/pages"}],"about":[{"href":"https:\/\/frasergroup.com\/fr\/wp-json\/wp\/v2\/types\/page"}],"author":[{"embeddable":true,"href":"https:\/\/frasergroup.com\/fr\/wp-json\/wp\/v2\/users\/6"}],"replies":[{"embeddable":true,"href":"https:\/\/frasergroup.com\/fr\/wp-json\/wp\/v2\/comments?post=145"}],"version-history":[{"count":7,"href":"https:\/\/frasergroup.com\/fr\/wp-json\/wp\/v2\/pages\/145\/revisions"}],"predecessor-version":[{"id":256,"href":"https:\/\/frasergroup.com\/fr\/wp-json\/wp\/v2\/pages\/145\/revisions\/256"}],"wp:featuredmedia":[{"embeddable":true,"href":"https:\/\/frasergroup.com\/fr\/wp-json\/wp\/v2\/media\/128"}],"wp:attachment":[{"href":"https:\/\/frasergroup.com\/fr\/wp-json\/wp\/v2\/media?parent=145"}],"curies":[{"name":"wp","href":"https:\/\/api.w.org\/{rel}","templated":true}]}}