{"id":140,"date":"2022-02-08T16:01:55","date_gmt":"2022-02-08T21:01:55","guid":{"rendered":"https:\/\/staging-frasergroup.kinsta.cloud\/assurance-de-personnes\/"},"modified":"2025-02-05T10:01:37","modified_gmt":"2025-02-05T15:01:37","slug":"assurance-de-personnes","status":"publish","type":"page","link":"https:\/\/frasergroup.com\/fr\/assurance-de-personnes\/","title":{"rendered":"Assurance de personnes"},"content":{"rendered":"\n<p>Fraser Group offre un large \u00e9ventail de produits et de services aux fournisseurs du secteur des avantages sociaux.<\/p>\n\n\n\n<p>Les clients utilisent nos donn\u00e9es sur la taille du march\u00e9, les parts de march\u00e9 et l\u2019efficacit\u00e9 op\u00e9rationnelle pour am\u00e9liorer la prise des d\u00e9cisions strat\u00e9giques et \u00e9valuer leur propre efficacit\u00e9 op\u00e9rationnelle.<\/p>\n\n\n\n<p>Nous comptons parmi nos clients la plupart des soci\u00e9t\u00e9s d\u2019assurance et des r\u00e9assureurs au Canada. Nous servons \u00e9galement d\u2019autres acteurs du secteur, notamment :<\/p>\n\n\n\n<ul class=\"wp-block-list\">\n<li>Des associations du secteur;<\/li>\n\n\n\n<li>Des interm\u00e9diaires du march\u00e9;<\/li>\n\n\n\n<li>D\u2019autres fournisseurs de services.<\/li>\n<\/ul>\n\n\n\n<h2 class=\"wp-block-heading\" id=\"group-life-and-health\">Assurance collective<\/h2>\n\n\n\n<div class=\"wp-block-pb-accordion-item c-accordion__item js-accordion-item no-js\" data-initially-open=\"false\" data-click-to-close=\"true\" data-auto-close=\"true\" data-scroll=\"false\" data-scroll-offset=\"0\"><h3 id=\"at-1400\" class=\"c-accordion__title js-accordion-controller\" role=\"button\">Cost Structure Analysis<\/h3><div id=\"ac-1400\" class=\"c-accordion__content\">\n<p>Ce produit procure \u00e0 l\u2019industrie des donn\u00e9es comparatives sur les co\u00fbts d\u2019exploitation, qui tiennent compte des variations associ\u00e9es aux diff\u00e9rents segments de client\u00e8le et aux types de garanties des participants.<\/p>\n\n\n\n<p>Les co\u00fbts unitaires sont calcul\u00e9s pour trois segments de client\u00e8le :<\/p>\n\n\n\n<ul class=\"wp-block-list\">\n<li>Petits groupes<\/li>\n\n\n\n<li>Groupes standard<\/li>\n\n\n\n<li>Groupes importants<\/li>\n<\/ul>\n<\/div><\/div>\n\n\n\n<div class=\"wp-block-pb-accordion-item c-accordion__item js-accordion-item no-js\" data-initially-open=\"false\" data-click-to-close=\"true\" data-auto-close=\"true\" data-scroll=\"false\" data-scroll-offset=\"0\"><h3 id=\"at-1401\" class=\"c-accordion__title js-accordion-controller\" role=\"button\">Group Universe Report<\/h3><div id=\"ac-1401\" class=\"c-accordion__content\">\n<p>Le<em> Group Universe Report<\/em> pr\u00e9sente des donn\u00e9es statistiques exhaustives et segment\u00e9es sur le march\u00e9 de l\u2019assurance collective de personnes au Canada.<\/p>\n\n\n\n<p>Publi\u00e9 annuellement, le Group Universe Report contient des estimations d\u00e9taill\u00e9es, r\u00e9alis\u00e9es de fa\u00e7on syst\u00e9matique, sur le revenu, les ventes et le taux de r\u00e9siliation de chaque entreprise. Les donn\u00e9es sont segment\u00e9es par garantie d\u2019assurance collective, par r\u00e9gion et selon la taille du groupe. <\/p>\n<\/div><\/div>\n\n\n\n<div class=\"wp-block-pb-accordion-item c-accordion__item js-accordion-item no-js\" data-initially-open=\"false\" data-click-to-close=\"true\" data-auto-close=\"true\" data-scroll=\"false\" data-scroll-offset=\"0\"><h3 id=\"at-1405\" class=\"c-accordion__title js-accordion-controller\" role=\"button\">LTD Experience Trend Review<\/h3><div id=\"ac-1405\" class=\"c-accordion__content\">\n<p>Le service LTD Experience Trend Review permet aux compagnies d\u2019assurances collectives ILD d\u2019acc\u00e9der facilement \u00e0 une \u00e9valuation actuarielle rigoureuse des tendances des r\u00e9sultats en mati\u00e8re de r\u00e8glements par rapport aux normes \u00e9tablies.<\/p>\n\n\n\n<p>L\u2019\u00e9valuation LTD Experience Trend Review porte \u00e0 la fois sur les r\u00e9sultats relatifs \u00e0 l\u2019incidence et \u00e0 la cessation des sinistres. <\/p>\n\n\n\n<p>Le service fournit une analyse de r\u00e9sultats sur 10\u00a0ans, segment\u00e9e par \u00e2ge, par sexe et par r\u00e9gion (Qu\u00e9bec, reste du Canada).<\/p>\n\n\n\n<p>Cette initiative est le fruit d\u2019une collaboration entre Fraser\u00a0Group et Denis\u00a0Garand et Associ\u00e9s.<\/p>\n\n\n\n<p><a href=\"https:\/\/frasergroup.com\/download\/ltrsample\/\">Cliquez ici pour voir un exemple de rapport.<\/a><\/p>\n<\/div><\/div>\n\n\n\n<div class=\"wp-block-pb-accordion-item c-accordion__item js-accordion-item no-js\" data-initially-open=\"false\" data-click-to-close=\"true\" data-auto-close=\"true\" data-scroll=\"false\" data-scroll-offset=\"0\"><h3 id=\"at-1402\" class=\"c-accordion__title js-accordion-controller\" role=\"button\">MV Trend Survey<\/h3><div id=\"ac-1402\" class=\"c-accordion__content\">\n<p>Le sondage trimestriel <em>MV Trend<\/em> permet d\u2019analyser les facteurs d\u2019extension qui influent sur la tarification des garanties d\u2019assurance soins m\u00e9dicaux et dentaires.<\/p>\n<\/div><\/div>\n\n\n\n<div class=\"wp-block-pb-accordion-item c-accordion__item js-accordion-item no-js\" data-initially-open=\"false\" data-click-to-close=\"true\" data-auto-close=\"true\" data-scroll=\"false\" data-scroll-offset=\"0\"><h3 id=\"at-1403\" class=\"c-accordion__title js-accordion-controller\" role=\"button\">Sources of Profit Study<\/h3><div id=\"ac-1403\" class=\"c-accordion__content\">\n<p>Cette \u00e9tude \u00e9value la rentabilit\u00e9 des garanties collectives pour le secteur de l\u2019assurance.<\/p>\n\n\n\n<p>Les donn\u00e9es sont recueillies sur une base brute avant la r\u00e9assurance. Toutes les donn\u00e9es sont cod\u00e9es par souci de confidentialit\u00e9.<\/p>\n<\/div><\/div>\n\n\n\n<h2 class=\"wp-block-heading\" id=\"individual-life-and-health\">Assurance individuelle de personnes<\/h2>\n\n\n\n<div class=\"wp-block-pb-accordion-item c-accordion__item js-accordion-item no-js\" data-initially-open=\"false\" data-click-to-close=\"true\" data-auto-close=\"true\" data-scroll=\"false\" data-scroll-offset=\"0\"><h3 id=\"at-1404\" class=\"c-accordion__title js-accordion-controller\" role=\"button\">Individual Health Market<\/h3><div id=\"ac-1404\" class=\"c-accordion__content\">\n<p>Ce produit procure des statistiques sur l\u2019activit\u00e9 du march\u00e9 de l\u2019assurance maladie individuelle. Les donn\u00e9es sont segment\u00e9es par r\u00e9gion, canal de distribution et cat\u00e9gorie d\u2019\u00e2ge.<\/p>\n\n\n\n<p>Ce rapport annuel contient des statistiques nationales et r\u00e9gionales sur le revenu et les nouvelles activit\u00e9s commerciales, ainsi que sur le nombre de polices.<\/p>\n<\/div><\/div>\n\n\n\n<h2 class=\"wp-block-heading\">Assurance voyage<\/h2>\n\n\n\n<div class=\"wp-block-pb-accordion-item c-accordion__item js-accordion-item no-js\"><h2 id=\"at-1407\" class=\"c-accordion__title js-accordion-controller\" role=\"button\">Travel Universe Report<\/h2><div id=\"ac-1407\" class=\"c-accordion__content\">\n\n<p>Ce produit procure des statistiques sur l\u2019activit\u00e9 du march\u00e9 de l\u2019assurance voyage. Les donn\u00e9es sur les revenus et les polices sont segment\u00e9es par r\u00e9gion, canal de distribution et cat\u00e9gories d&rsquo;\u00e2ge, ainsi que par segments de produits strat\u00e9giques.<\/p>\n\n<\/div><\/div>\n","protected":false},"excerpt":{"rendered":"<p>Fraser Group offre un large \u00e9ventail de produits et de services aux fournisseurs du secteur des avantages sociaux. Les clients utilisent nos donn\u00e9es sur la taille du march\u00e9, les parts de march\u00e9 et l\u2019efficacit\u00e9 op\u00e9rationnelle pour am\u00e9liorer la prise des d\u00e9cisions strat\u00e9giques et \u00e9valuer leur propre efficacit\u00e9 op\u00e9rationnelle. Nous comptons parmi nos clients la plupart&hellip; <a class=\"text-nowrap\" href=\"https:\/\/frasergroup.com\/fr\/assurance-de-personnes\/\">Continue reading<span class=\"sr-only\"> Assurance de personnes<\/span><\/a><\/p>\n","protected":false},"author":6,"featured_media":124,"parent":0,"menu_order":4,"comment_status":"closed","ping_status":"closed","template":"","meta":{"_acf_changed":false,"footnotes":""},"class_list":["post-140","page","type-page","status-publish","has-post-thumbnail","hentry"],"acf":[],"yoast_head":"<!-- This site is optimized with the Yoast SEO plugin v27.4 - https:\/\/yoast.com\/product\/yoast-seo-wordpress\/ -->\n<title>Assurance de personnes - Fraser Group<\/title>\n<meta name=\"robots\" content=\"index, follow, max-snippet:-1, max-image-preview:large, max-video-preview:-1\" \/>\n<link rel=\"canonical\" href=\"https:\/\/frasergroup.com\/fr\/assurance-de-personnes\/\" \/>\n<meta property=\"og:locale\" content=\"fr_FR\" \/>\n<meta property=\"og:type\" content=\"article\" \/>\n<meta property=\"og:title\" content=\"Assurance de personnes - Fraser Group\" \/>\n<meta property=\"og:description\" content=\"Fraser Group offre un large \u00e9ventail de produits et de services aux fournisseurs du secteur des avantages sociaux. Les clients utilisent nos donn\u00e9es sur la taille du march\u00e9, les parts de march\u00e9 et l\u2019efficacit\u00e9 op\u00e9rationnelle pour am\u00e9liorer la prise des d\u00e9cisions strat\u00e9giques et \u00e9valuer leur propre efficacit\u00e9 op\u00e9rationnelle. Nous comptons parmi nos clients la plupart&hellip; Continue reading Assurance de personnes\" \/>\n<meta property=\"og:url\" content=\"https:\/\/frasergroup.com\/fr\/assurance-de-personnes\/\" \/>\n<meta property=\"og:site_name\" content=\"Fraser Group\" \/>\n<meta property=\"article:modified_time\" content=\"2025-02-05T15:01:37+00:00\" \/>\n<meta property=\"og:image\" content=\"https:\/\/frasergroup.com\/wp-content\/uploads\/2022\/02\/stethescope-scaled.jpg\" \/>\n\t<meta property=\"og:image:width\" content=\"2560\" \/>\n\t<meta property=\"og:image:height\" content=\"764\" \/>\n\t<meta property=\"og:image:type\" content=\"image\/jpeg\" \/>\n<meta name=\"twitter:card\" content=\"summary_large_image\" \/>\n<meta name=\"twitter:label1\" content=\"Dur\u00e9e de lecture estim\u00e9e\" \/>\n\t<meta name=\"twitter:data1\" content=\"3 minutes\" \/>\n<script type=\"application\/ld+json\" class=\"yoast-schema-graph\">{\"@context\":\"https:\\\/\\\/schema.org\",\"@graph\":[{\"@type\":\"WebPage\",\"@id\":\"https:\\\/\\\/frasergroup.com\\\/fr\\\/assurance-de-personnes\\\/\",\"url\":\"https:\\\/\\\/frasergroup.com\\\/fr\\\/assurance-de-personnes\\\/\",\"name\":\"Assurance de personnes - Fraser Group\",\"isPartOf\":{\"@id\":\"https:\\\/\\\/frasergroup.com\\\/fr\\\/#website\"},\"primaryImageOfPage\":{\"@id\":\"https:\\\/\\\/frasergroup.com\\\/fr\\\/assurance-de-personnes\\\/#primaryimage\"},\"image\":{\"@id\":\"https:\\\/\\\/frasergroup.com\\\/fr\\\/assurance-de-personnes\\\/#primaryimage\"},\"thumbnailUrl\":\"https:\\\/\\\/frasergroup.com\\\/wp-content\\\/uploads\\\/2022\\\/02\\\/stethescope-scaled.jpg\",\"datePublished\":\"2022-02-08T21:01:55+00:00\",\"dateModified\":\"2025-02-05T15:01:37+00:00\",\"breadcrumb\":{\"@id\":\"https:\\\/\\\/frasergroup.com\\\/fr\\\/assurance-de-personnes\\\/#breadcrumb\"},\"inLanguage\":\"fr-FR\",\"potentialAction\":[{\"@type\":\"ReadAction\",\"target\":[\"https:\\\/\\\/frasergroup.com\\\/fr\\\/assurance-de-personnes\\\/\"]}]},{\"@type\":\"ImageObject\",\"inLanguage\":\"fr-FR\",\"@id\":\"https:\\\/\\\/frasergroup.com\\\/fr\\\/assurance-de-personnes\\\/#primaryimage\",\"url\":\"https:\\\/\\\/frasergroup.com\\\/wp-content\\\/uploads\\\/2022\\\/02\\\/stethescope-scaled.jpg\",\"contentUrl\":\"https:\\\/\\\/frasergroup.com\\\/wp-content\\\/uploads\\\/2022\\\/02\\\/stethescope-scaled.jpg\",\"width\":2560,\"height\":764},{\"@type\":\"BreadcrumbList\",\"@id\":\"https:\\\/\\\/frasergroup.com\\\/fr\\\/assurance-de-personnes\\\/#breadcrumb\",\"itemListElement\":[{\"@type\":\"ListItem\",\"position\":1,\"name\":\"Home\",\"item\":\"https:\\\/\\\/frasergroup.com\\\/fr\\\/\"},{\"@type\":\"ListItem\",\"position\":2,\"name\":\"Assurance de personnes\"}]},{\"@type\":\"WebSite\",\"@id\":\"https:\\\/\\\/frasergroup.com\\\/fr\\\/#website\",\"url\":\"https:\\\/\\\/frasergroup.com\\\/fr\\\/\",\"name\":\"Fraser Group\",\"description\":\"Fraser Group is a market information specialist focused on employee benefits.\",\"potentialAction\":[{\"@type\":\"SearchAction\",\"target\":{\"@type\":\"EntryPoint\",\"urlTemplate\":\"https:\\\/\\\/frasergroup.com\\\/fr\\\/?s={search_term_string}\"},\"query-input\":{\"@type\":\"PropertyValueSpecification\",\"valueRequired\":true,\"valueName\":\"search_term_string\"}}],\"inLanguage\":\"fr-FR\"}]}<\/script>\n<!-- \/ Yoast SEO plugin. -->","yoast_head_json":{"title":"Assurance de personnes - Fraser Group","robots":{"index":"index","follow":"follow","max-snippet":"max-snippet:-1","max-image-preview":"max-image-preview:large","max-video-preview":"max-video-preview:-1"},"canonical":"https:\/\/frasergroup.com\/fr\/assurance-de-personnes\/","og_locale":"fr_FR","og_type":"article","og_title":"Assurance de personnes - Fraser Group","og_description":"Fraser Group offre un large \u00e9ventail de produits et de services aux fournisseurs du secteur des avantages sociaux. Les clients utilisent nos donn\u00e9es sur la taille du march\u00e9, les parts de march\u00e9 et l\u2019efficacit\u00e9 op\u00e9rationnelle pour am\u00e9liorer la prise des d\u00e9cisions strat\u00e9giques et \u00e9valuer leur propre efficacit\u00e9 op\u00e9rationnelle. Nous comptons parmi nos clients la plupart&hellip; Continue reading Assurance de personnes","og_url":"https:\/\/frasergroup.com\/fr\/assurance-de-personnes\/","og_site_name":"Fraser Group","article_modified_time":"2025-02-05T15:01:37+00:00","og_image":[{"width":2560,"height":764,"url":"https:\/\/frasergroup.com\/wp-content\/uploads\/2022\/02\/stethescope-scaled.jpg","type":"image\/jpeg"}],"twitter_card":"summary_large_image","twitter_misc":{"Dur\u00e9e de lecture estim\u00e9e":"3 minutes"},"schema":{"@context":"https:\/\/schema.org","@graph":[{"@type":"WebPage","@id":"https:\/\/frasergroup.com\/fr\/assurance-de-personnes\/","url":"https:\/\/frasergroup.com\/fr\/assurance-de-personnes\/","name":"Assurance de personnes - Fraser Group","isPartOf":{"@id":"https:\/\/frasergroup.com\/fr\/#website"},"primaryImageOfPage":{"@id":"https:\/\/frasergroup.com\/fr\/assurance-de-personnes\/#primaryimage"},"image":{"@id":"https:\/\/frasergroup.com\/fr\/assurance-de-personnes\/#primaryimage"},"thumbnailUrl":"https:\/\/frasergroup.com\/wp-content\/uploads\/2022\/02\/stethescope-scaled.jpg","datePublished":"2022-02-08T21:01:55+00:00","dateModified":"2025-02-05T15:01:37+00:00","breadcrumb":{"@id":"https:\/\/frasergroup.com\/fr\/assurance-de-personnes\/#breadcrumb"},"inLanguage":"fr-FR","potentialAction":[{"@type":"ReadAction","target":["https:\/\/frasergroup.com\/fr\/assurance-de-personnes\/"]}]},{"@type":"ImageObject","inLanguage":"fr-FR","@id":"https:\/\/frasergroup.com\/fr\/assurance-de-personnes\/#primaryimage","url":"https:\/\/frasergroup.com\/wp-content\/uploads\/2022\/02\/stethescope-scaled.jpg","contentUrl":"https:\/\/frasergroup.com\/wp-content\/uploads\/2022\/02\/stethescope-scaled.jpg","width":2560,"height":764},{"@type":"BreadcrumbList","@id":"https:\/\/frasergroup.com\/fr\/assurance-de-personnes\/#breadcrumb","itemListElement":[{"@type":"ListItem","position":1,"name":"Home","item":"https:\/\/frasergroup.com\/fr\/"},{"@type":"ListItem","position":2,"name":"Assurance de personnes"}]},{"@type":"WebSite","@id":"https:\/\/frasergroup.com\/fr\/#website","url":"https:\/\/frasergroup.com\/fr\/","name":"Fraser Group","description":"Fraser Group is a market information specialist focused on employee benefits.","potentialAction":[{"@type":"SearchAction","target":{"@type":"EntryPoint","urlTemplate":"https:\/\/frasergroup.com\/fr\/?s={search_term_string}"},"query-input":{"@type":"PropertyValueSpecification","valueRequired":true,"valueName":"search_term_string"}}],"inLanguage":"fr-FR"}]}},"_links":{"self":[{"href":"https:\/\/frasergroup.com\/fr\/wp-json\/wp\/v2\/pages\/140","targetHints":{"allow":["GET"]}}],"collection":[{"href":"https:\/\/frasergroup.com\/fr\/wp-json\/wp\/v2\/pages"}],"about":[{"href":"https:\/\/frasergroup.com\/fr\/wp-json\/wp\/v2\/types\/page"}],"author":[{"embeddable":true,"href":"https:\/\/frasergroup.com\/fr\/wp-json\/wp\/v2\/users\/6"}],"replies":[{"embeddable":true,"href":"https:\/\/frasergroup.com\/fr\/wp-json\/wp\/v2\/comments?post=140"}],"version-history":[{"count":13,"href":"https:\/\/frasergroup.com\/fr\/wp-json\/wp\/v2\/pages\/140\/revisions"}],"predecessor-version":[{"id":967,"href":"https:\/\/frasergroup.com\/fr\/wp-json\/wp\/v2\/pages\/140\/revisions\/967"}],"wp:featuredmedia":[{"embeddable":true,"href":"https:\/\/frasergroup.com\/fr\/wp-json\/wp\/v2\/media\/124"}],"wp:attachment":[{"href":"https:\/\/frasergroup.com\/fr\/wp-json\/wp\/v2\/media?parent=140"}],"curies":[{"name":"wp","href":"https:\/\/api.w.org\/{rel}","templated":true}]}}