{"id":137,"date":"2022-02-08T16:01:41","date_gmt":"2022-02-08T21:01:41","guid":{"rendered":"https:\/\/staging-frasergroup.kinsta.cloud\/a-propos-de-lentreprise\/"},"modified":"2025-01-31T10:41:23","modified_gmt":"2025-01-31T15:41:23","slug":"a-propos-de-lentreprise","status":"publish","type":"page","link":"https:\/\/frasergroup.com\/fr\/a-propos-de-lentreprise\/","title":{"rendered":"\u00c0 propos de l\u2019entreprise"},"content":{"rendered":"\n<p>Fraser Group est une soci\u00e9t\u00e9 qui se consacre \u00e0 la recherche d\u2019information et aux analyses de march\u00e9, dans le domaine des avantages sociaux et des assurances au Canada. Elle est situ\u00e9e \u00e0 Toronto. <\/p>\n\n\n\n<p>Nous vous offrons notamment :<\/p>\n\n\n\n<ul class=\"wp-block-list\">\n<li>Notre connaissance approfondie des r\u00e9gimes d\u2019avantages sociaux, qui comprennent les assurances soins dentaires, m\u00e9dicaments d\u2019ordonnance, invalidit\u00e9 et vie, ainsi que les r\u00e9gimes de retraite.<\/li>\n\n\n\n<li>Des bases de donn\u00e9es exclusives comprenant des donn\u00e9es statistiques et qualitatives.<\/li>\n\n\n\n<li>Notre savoir-faire dans l\u2019\u00e9laboration et la r\u00e9alisation des analyses de march\u00e9.<\/li>\n\n\n\n<li>Nos comp\u00e9tences techniques en analyse de donn\u00e9es et en conception de mod\u00e8les de donn\u00e9es.<\/li>\n<\/ul>\n\n\n\n<p>Nos principales activit\u00e9s consistent \u00e0 suivre l\u2019\u00e9volution du march\u00e9 et des parts de march\u00e9, \u00e0 faire des analyses comparatives de rendement et \u00e0 r\u00e9unir des statistiques sur l\u2019industrie. En outre, nous dirigeons plusieurs \u00e9tudes sur l\u2019industrie et offrons des analyses personnalis\u00e9es et des services de consultation. <\/p>\n\n\n\n<h2 class=\"wp-block-heading\" id=\"history\">Notre histoire<\/h2>\n\n\n\n<p>La soci\u00e9t\u00e9 Fraser Group a \u00e9t\u00e9 fond\u00e9e en 1989 par Ken Fraser, qui en assure actuellement la pr\u00e9sidence.<\/p>\n\n\n\n<p>Au d\u00e9but de sa carri\u00e8re, M. Fraser a occup\u00e9 des postes de tarificateur en assurance collective et de directeur marketing au sein des march\u00e9s canadiens et am\u00e9ricains.<\/p>\n\n\n\n<p>Au d\u00e9but des ann\u00e9es 1990, Fraser Group a \u00e9labor\u00e9 les \u00e9tudes annuelles sur les parts de march\u00e9 et les analyses comparatives des co\u00fbts unitaires, qui constituent aujourd\u2019hui une part importante de notre gamme de produits.<\/p>\n\n\n\n<p>Fraser Group a men\u00e9 en 2001 la premi\u00e8re d\u2019une s\u00e9rie d\u2019\u00e9tudes sur les r\u00e8glements dans le but de recueillir des donn\u00e9es sur la mortalit\u00e9, l\u2019invalidit\u00e9 et les m\u00e9dicaments on\u00e9reux dans le secteur des assurances collectives. <\/p>\n\n\n\n<h2 class=\"wp-block-heading\" id=\"staff-biographies\">Biographies du personnel<\/h2>\n\n\n\n<h3 class=\"wp-block-heading\" id=\"ken-fraser-president-of-fraser-group\">Ken Fraser<\/h3>\n\n\n\n<p>Ken Fraser est pr\u00e9sident de Fraser Group. Depuis 1984, M.&nbsp;Fraser travaille \u00e0 titre de consultant pour des clients de l\u2019industrie de l\u2019assurance et des services financiers, de m\u00eame que pour l\u2019administration publique et des soci\u00e9t\u00e9s sans but lucratif. Il a \u00e9labor\u00e9 divers projets d\u2019\u00e9tudes de march\u00e9 et prodigu\u00e9 des conseils en mati\u00e8re de strat\u00e9gie marketing, d\u2019\u00e9tablissement des prix et de gestion des co\u00fbts.<\/p>\n\n\n\n<p>Au d\u00e9but de sa carri\u00e8re, M.&nbsp;Fraser travaillait comme tarificateur et chef de march\u00e9 pour une compagnie d\u2019assurance canadienne.<\/p>\n\n\n\n<p>Il est membre (fellow) du Life Management Institute et il a obtenu le Certificat d\u2019administration des r\u00e9gimes de pension (CARP). Il participe fr\u00e9quemment aux congr\u00e8s et aux publications de l\u2019industrie.<\/p>\n\n\n\n<h3 class=\"wp-block-heading\" id=\"daniela-mathura\">Daniela Mathura<\/h3>\n\n\n\n<p>Daniela Mathura est directrice de la recherche \u00e0 Fraser Group et directrice de projet pour plusieurs \u00e9tudes annuelles sur les parts de march\u00e9, la rentabilit\u00e9 et les co\u00fbts unitaires.<\/p>\n\n\n\n<p>Elle travaille pour la soci\u00e9t\u00e9 depuis plus de 20 ans, et elle a obtenu le titre de Certified Employee Benefit Specialist (CEBS) et le Certificat d\u2019administration des r\u00e9gimes de pension (CARP), qui s\u2019ajoutent \u00e0 sa ma\u00eetrise en administration des affaires du Schulich School of Business de l\u2019Universit\u00e9 York.<\/p>\n\n\n\n<h3 class=\"wp-block-heading\" id=\"heidy-zunn\">Heidy Zunn<\/h3>\n\n\n\n<p>Heidy Zunn est directrice de la recherche \u00e0 Fraser Group. Elle d\u00e9tient une ma\u00eetrise de l\u2019Universit\u00e9 McGill et le titre de Certified Employee Benefit Specialist (CEBS).<\/p>\n\n\n\n<h3 class=\"wp-block-heading\" id=\"kenari-ong\">Kenari Ong<\/h3>\n\n\n\n<p>Kenari Ong est analyste en recherche \u00e0 Fraser Group. Elle est titulaire d\u2019un baccalaur\u00e9at en math\u00e9matiques de l\u2019Universit\u00e9 de Waterloo. <\/p>\n","protected":false},"excerpt":{"rendered":"<p>Fraser Group est une soci\u00e9t\u00e9 qui se consacre \u00e0 la recherche d\u2019information et aux analyses de march\u00e9, dans le domaine des avantages sociaux et des assurances au Canada. Elle est situ\u00e9e \u00e0 Toronto. Nous vous offrons notamment : Nos principales activit\u00e9s consistent \u00e0 suivre l\u2019\u00e9volution du march\u00e9 et des parts de march\u00e9, \u00e0 faire des&hellip; <a class=\"text-nowrap\" href=\"https:\/\/frasergroup.com\/fr\/a-propos-de-lentreprise\/\">Continue reading<span class=\"sr-only\"> \u00c0 propos de l\u2019entreprise<\/span><\/a><\/p>\n","protected":false},"author":6,"featured_media":123,"parent":0,"menu_order":2,"comment_status":"closed","ping_status":"closed","template":"","meta":{"_acf_changed":false,"footnotes":""},"class_list":["post-137","page","type-page","status-publish","has-post-thumbnail","hentry"],"acf":[],"yoast_head":"<!-- This site is optimized with the Yoast SEO plugin v27.4 - https:\/\/yoast.com\/product\/yoast-seo-wordpress\/ -->\n<title>\u00c0 propos de l\u2019entreprise - Fraser Group<\/title>\n<meta name=\"robots\" content=\"index, follow, max-snippet:-1, max-image-preview:large, max-video-preview:-1\" \/>\n<link rel=\"canonical\" href=\"https:\/\/frasergroup.com\/fr\/a-propos-de-lentreprise\/\" \/>\n<meta property=\"og:locale\" content=\"fr_FR\" \/>\n<meta property=\"og:type\" content=\"article\" \/>\n<meta property=\"og:title\" content=\"\u00c0 propos de l\u2019entreprise - Fraser Group\" \/>\n<meta property=\"og:description\" content=\"Fraser Group est une soci\u00e9t\u00e9 qui se consacre \u00e0 la recherche d\u2019information et aux analyses de march\u00e9, dans le domaine des avantages sociaux et des assurances au Canada. Elle est situ\u00e9e \u00e0 Toronto. Nous vous offrons notamment : Nos principales activit\u00e9s consistent \u00e0 suivre l\u2019\u00e9volution du march\u00e9 et des parts de march\u00e9, \u00e0 faire des&hellip; Continue reading \u00c0 propos de l\u2019entreprise\" \/>\n<meta property=\"og:url\" content=\"https:\/\/frasergroup.com\/fr\/a-propos-de-lentreprise\/\" \/>\n<meta property=\"og:site_name\" content=\"Fraser Group\" \/>\n<meta property=\"article:modified_time\" content=\"2025-01-31T15:41:23+00:00\" \/>\n<meta property=\"og:image\" content=\"https:\/\/frasergroup.com\/wp-content\/uploads\/2022\/02\/finance-charts-pen-scaled.jpg\" \/>\n\t<meta property=\"og:image:width\" content=\"2560\" \/>\n\t<meta property=\"og:image:height\" content=\"764\" \/>\n\t<meta property=\"og:image:type\" content=\"image\/jpeg\" \/>\n<meta name=\"twitter:card\" content=\"summary_large_image\" \/>\n<meta name=\"twitter:label1\" content=\"Dur\u00e9e de lecture estim\u00e9e\" \/>\n\t<meta name=\"twitter:data1\" content=\"3 minutes\" \/>\n<script type=\"application\/ld+json\" class=\"yoast-schema-graph\">{\"@context\":\"https:\\\/\\\/schema.org\",\"@graph\":[{\"@type\":\"WebPage\",\"@id\":\"https:\\\/\\\/frasergroup.com\\\/fr\\\/a-propos-de-lentreprise\\\/\",\"url\":\"https:\\\/\\\/frasergroup.com\\\/fr\\\/a-propos-de-lentreprise\\\/\",\"name\":\"\u00c0 propos de l\u2019entreprise - Fraser Group\",\"isPartOf\":{\"@id\":\"https:\\\/\\\/frasergroup.com\\\/fr\\\/#website\"},\"primaryImageOfPage\":{\"@id\":\"https:\\\/\\\/frasergroup.com\\\/fr\\\/a-propos-de-lentreprise\\\/#primaryimage\"},\"image\":{\"@id\":\"https:\\\/\\\/frasergroup.com\\\/fr\\\/a-propos-de-lentreprise\\\/#primaryimage\"},\"thumbnailUrl\":\"https:\\\/\\\/frasergroup.com\\\/wp-content\\\/uploads\\\/2022\\\/02\\\/finance-charts-pen-scaled.jpg\",\"datePublished\":\"2022-02-08T21:01:41+00:00\",\"dateModified\":\"2025-01-31T15:41:23+00:00\",\"breadcrumb\":{\"@id\":\"https:\\\/\\\/frasergroup.com\\\/fr\\\/a-propos-de-lentreprise\\\/#breadcrumb\"},\"inLanguage\":\"fr-FR\",\"potentialAction\":[{\"@type\":\"ReadAction\",\"target\":[\"https:\\\/\\\/frasergroup.com\\\/fr\\\/a-propos-de-lentreprise\\\/\"]}]},{\"@type\":\"ImageObject\",\"inLanguage\":\"fr-FR\",\"@id\":\"https:\\\/\\\/frasergroup.com\\\/fr\\\/a-propos-de-lentreprise\\\/#primaryimage\",\"url\":\"https:\\\/\\\/frasergroup.com\\\/wp-content\\\/uploads\\\/2022\\\/02\\\/finance-charts-pen-scaled.jpg\",\"contentUrl\":\"https:\\\/\\\/frasergroup.com\\\/wp-content\\\/uploads\\\/2022\\\/02\\\/finance-charts-pen-scaled.jpg\",\"width\":2560,\"height\":764},{\"@type\":\"BreadcrumbList\",\"@id\":\"https:\\\/\\\/frasergroup.com\\\/fr\\\/a-propos-de-lentreprise\\\/#breadcrumb\",\"itemListElement\":[{\"@type\":\"ListItem\",\"position\":1,\"name\":\"Home\",\"item\":\"https:\\\/\\\/frasergroup.com\\\/fr\\\/\"},{\"@type\":\"ListItem\",\"position\":2,\"name\":\"\u00c0 propos de l\u2019entreprise\"}]},{\"@type\":\"WebSite\",\"@id\":\"https:\\\/\\\/frasergroup.com\\\/fr\\\/#website\",\"url\":\"https:\\\/\\\/frasergroup.com\\\/fr\\\/\",\"name\":\"Fraser Group\",\"description\":\"Fraser Group is a market information specialist focused on employee benefits.\",\"potentialAction\":[{\"@type\":\"SearchAction\",\"target\":{\"@type\":\"EntryPoint\",\"urlTemplate\":\"https:\\\/\\\/frasergroup.com\\\/fr\\\/?s={search_term_string}\"},\"query-input\":{\"@type\":\"PropertyValueSpecification\",\"valueRequired\":true,\"valueName\":\"search_term_string\"}}],\"inLanguage\":\"fr-FR\"}]}<\/script>\n<!-- \/ Yoast SEO plugin. -->","yoast_head_json":{"title":"\u00c0 propos de l\u2019entreprise - Fraser Group","robots":{"index":"index","follow":"follow","max-snippet":"max-snippet:-1","max-image-preview":"max-image-preview:large","max-video-preview":"max-video-preview:-1"},"canonical":"https:\/\/frasergroup.com\/fr\/a-propos-de-lentreprise\/","og_locale":"fr_FR","og_type":"article","og_title":"\u00c0 propos de l\u2019entreprise - Fraser Group","og_description":"Fraser Group est une soci\u00e9t\u00e9 qui se consacre \u00e0 la recherche d\u2019information et aux analyses de march\u00e9, dans le domaine des avantages sociaux et des assurances au Canada. Elle est situ\u00e9e \u00e0 Toronto. Nous vous offrons notamment : Nos principales activit\u00e9s consistent \u00e0 suivre l\u2019\u00e9volution du march\u00e9 et des parts de march\u00e9, \u00e0 faire des&hellip; Continue reading \u00c0 propos de l\u2019entreprise","og_url":"https:\/\/frasergroup.com\/fr\/a-propos-de-lentreprise\/","og_site_name":"Fraser Group","article_modified_time":"2025-01-31T15:41:23+00:00","og_image":[{"width":2560,"height":764,"url":"https:\/\/frasergroup.com\/wp-content\/uploads\/2022\/02\/finance-charts-pen-scaled.jpg","type":"image\/jpeg"}],"twitter_card":"summary_large_image","twitter_misc":{"Dur\u00e9e de lecture estim\u00e9e":"3 minutes"},"schema":{"@context":"https:\/\/schema.org","@graph":[{"@type":"WebPage","@id":"https:\/\/frasergroup.com\/fr\/a-propos-de-lentreprise\/","url":"https:\/\/frasergroup.com\/fr\/a-propos-de-lentreprise\/","name":"\u00c0 propos de l\u2019entreprise - Fraser Group","isPartOf":{"@id":"https:\/\/frasergroup.com\/fr\/#website"},"primaryImageOfPage":{"@id":"https:\/\/frasergroup.com\/fr\/a-propos-de-lentreprise\/#primaryimage"},"image":{"@id":"https:\/\/frasergroup.com\/fr\/a-propos-de-lentreprise\/#primaryimage"},"thumbnailUrl":"https:\/\/frasergroup.com\/wp-content\/uploads\/2022\/02\/finance-charts-pen-scaled.jpg","datePublished":"2022-02-08T21:01:41+00:00","dateModified":"2025-01-31T15:41:23+00:00","breadcrumb":{"@id":"https:\/\/frasergroup.com\/fr\/a-propos-de-lentreprise\/#breadcrumb"},"inLanguage":"fr-FR","potentialAction":[{"@type":"ReadAction","target":["https:\/\/frasergroup.com\/fr\/a-propos-de-lentreprise\/"]}]},{"@type":"ImageObject","inLanguage":"fr-FR","@id":"https:\/\/frasergroup.com\/fr\/a-propos-de-lentreprise\/#primaryimage","url":"https:\/\/frasergroup.com\/wp-content\/uploads\/2022\/02\/finance-charts-pen-scaled.jpg","contentUrl":"https:\/\/frasergroup.com\/wp-content\/uploads\/2022\/02\/finance-charts-pen-scaled.jpg","width":2560,"height":764},{"@type":"BreadcrumbList","@id":"https:\/\/frasergroup.com\/fr\/a-propos-de-lentreprise\/#breadcrumb","itemListElement":[{"@type":"ListItem","position":1,"name":"Home","item":"https:\/\/frasergroup.com\/fr\/"},{"@type":"ListItem","position":2,"name":"\u00c0 propos de l\u2019entreprise"}]},{"@type":"WebSite","@id":"https:\/\/frasergroup.com\/fr\/#website","url":"https:\/\/frasergroup.com\/fr\/","name":"Fraser Group","description":"Fraser Group is a market information specialist focused on employee benefits.","potentialAction":[{"@type":"SearchAction","target":{"@type":"EntryPoint","urlTemplate":"https:\/\/frasergroup.com\/fr\/?s={search_term_string}"},"query-input":{"@type":"PropertyValueSpecification","valueRequired":true,"valueName":"search_term_string"}}],"inLanguage":"fr-FR"}]}},"_links":{"self":[{"href":"https:\/\/frasergroup.com\/fr\/wp-json\/wp\/v2\/pages\/137","targetHints":{"allow":["GET"]}}],"collection":[{"href":"https:\/\/frasergroup.com\/fr\/wp-json\/wp\/v2\/pages"}],"about":[{"href":"https:\/\/frasergroup.com\/fr\/wp-json\/wp\/v2\/types\/page"}],"author":[{"embeddable":true,"href":"https:\/\/frasergroup.com\/fr\/wp-json\/wp\/v2\/users\/6"}],"replies":[{"embeddable":true,"href":"https:\/\/frasergroup.com\/fr\/wp-json\/wp\/v2\/comments?post=137"}],"version-history":[{"count":13,"href":"https:\/\/frasergroup.com\/fr\/wp-json\/wp\/v2\/pages\/137\/revisions"}],"predecessor-version":[{"id":837,"href":"https:\/\/frasergroup.com\/fr\/wp-json\/wp\/v2\/pages\/137\/revisions\/837"}],"wp:featuredmedia":[{"embeddable":true,"href":"https:\/\/frasergroup.com\/fr\/wp-json\/wp\/v2\/media\/123"}],"wp:attachment":[{"href":"https:\/\/frasergroup.com\/fr\/wp-json\/wp\/v2\/media?parent=137"}],"curies":[{"name":"wp","href":"https:\/\/api.w.org\/{rel}","templated":true}]}}